{"id":48,"date":"2016-04-30T17:27:28","date_gmt":"2016-04-30T16:27:28","guid":{"rendered":"http:\/\/unepartdereve.fr\/?page_id=48"},"modified":"2026-02-20T15:12:20","modified_gmt":"2026-02-20T14:12:20","slug":"galerievideos","status":"publish","type":"page","link":"https:\/\/unepartdereve.fr\/index.php\/galeries\/galerievideos\/","title":{"rendered":"Galerie vid\u00e9os"},"content":{"rendered":"\t\t<div data-elementor-type=\"wp-page\" data-elementor-id=\"48\" class=\"elementor elementor-48\">\n\t\t\t\t\t\t<section class=\"elementor-section elementor-top-section elementor-element elementor-element-17156b6d elementor-section-boxed elementor-section-height-default elementor-section-height-default wpr-particle-no wpr-jarallax-no wpr-parallax-no wpr-sticky-section-no wpr-equal-height-no\" data-id=\"17156b6d\" data-element_type=\"section\" data-e-type=\"section\" data-settings=\"{&quot;background_background&quot;:&quot;classic&quot;}\">\n\t\t\t\t\t\t<div class=\"elementor-container elementor-column-gap-default\">\n\t\t\t\t\t<div class=\"elementor-column elementor-col-100 elementor-top-column elementor-element elementor-element-3fae951b\" data-id=\"3fae951b\" data-element_type=\"column\" data-e-type=\"column\">\n\t\t\t<div class=\"elementor-widget-wrap elementor-element-populated\">\n\t\t\t\t\t\t<div class=\"elementor-element elementor-element-790f24e7 elementor-invisible elementor-widget elementor-widget-heading\" data-id=\"790f24e7\" data-element_type=\"widget\" data-e-type=\"widget\" data-settings=\"{&quot;_animation&quot;:&quot;fadeInUp&quot;}\" data-widget_type=\"heading.default\">\n\t\t\t\t<div class=\"elementor-widget-container\">\n\t\t\t\t\t<h2 class=\"elementor-heading-title elementor-size-default\">Galerie vid\u00e9o<\/h2>\t\t\t\t<\/div>\n\t\t\t\t<\/div>\n\t\t\t\t\t<\/div>\n\t\t<\/div>\n\t\t\t\t\t<\/div>\n\t\t<\/section>\n\t\t<div class=\"elementor-element elementor-element-7f946c8c e-flex e-con-boxed wpr-particle-no wpr-jarallax-no wpr-parallax-no wpr-sticky-section-no wpr-equal-height-no e-con e-parent\" data-id=\"7f946c8c\" data-element_type=\"container\" data-e-type=\"container\">\n\t\t\t\t\t<div class=\"e-con-inner\">\n\t\t<div class=\"elementor-element elementor-element-223081d3 e-con-full e-flex wpr-particle-no wpr-jarallax-no wpr-parallax-no wpr-sticky-section-no wpr-equal-height-no e-con e-child\" data-id=\"223081d3\" data-element_type=\"container\" data-e-type=\"container\">\n\t\t<div class=\"elementor-element elementor-element-650cc3f e-con-full e-flex wpr-particle-no wpr-jarallax-no wpr-parallax-no wpr-sticky-section-no wpr-equal-height-no e-con e-child\" data-id=\"650cc3f\" data-element_type=\"container\" data-e-type=\"container\">\n\t\t\t\t<div class=\"elementor-element elementor-element-3d773f3b elementor-widget elementor-widget-video\" data-id=\"3d773f3b\" data-element_type=\"widget\" data-e-type=\"widget\" data-settings=\"{&quot;video_type&quot;:&quot;hosted&quot;,&quot;controls&quot;:&quot;yes&quot;}\" data-widget_type=\"video.default\">\n\t\t\t\t<div class=\"elementor-widget-container\">\n\t\t\t\t\t\t\t<div class=\"e-hosted-video elementor-wrapper elementor-open-inline\">\n\t\t\t\t\t<video class=\"elementor-video\" src=\"https:\/\/unepartdereve.fr\/wp-content\/uploads\/2016\/04\/montage-noel-2019-une-part-de-reve.mp4\" controls=\"\" preload=\"metadata\" controlsList=\"nodownload\"><\/video>\n\t\t\t\t<\/div>\n\t\t\t\t\t\t<\/div>\n\t\t\t\t<\/div>\n\t\t\t\t<\/div>\n\t\t<div class=\"elementor-element elementor-element-d39410f e-con-full e-flex wpr-particle-no wpr-jarallax-no wpr-parallax-no wpr-sticky-section-no wpr-equal-height-no e-con e-child\" data-id=\"d39410f\" data-element_type=\"container\" data-e-type=\"container\">\n\t\t\t\t<div class=\"elementor-element elementor-element-2f304f71 elementor-widget elementor-widget-video\" data-id=\"2f304f71\" data-element_type=\"widget\" data-e-type=\"widget\" data-settings=\"{&quot;video_type&quot;:&quot;hosted&quot;,&quot;controls&quot;:&quot;yes&quot;}\" data-widget_type=\"video.default\">\n\t\t\t\t<div class=\"elementor-widget-container\">\n\t\t\t\t\t\t\t<div class=\"e-hosted-video elementor-wrapper elementor-open-inline\">\n\t\t\t\t\t<video class=\"elementor-video\" src=\"https:\/\/unepartdereve.fr\/wp-content\/uploads\/2016\/04\/REPORTAGE-PATISSERIE-NOEL-2018.mp4\" controls=\"\" preload=\"metadata\" controlsList=\"nodownload\"><\/video>\n\t\t\t\t<\/div>\n\t\t\t\t\t\t<\/div>\n\t\t\t\t<\/div>\n\t\t\t\t<\/div>\n\t\t\t\t<\/div>\n\t\t\t\t\t<\/div>\n\t\t\t\t<\/div>\n\t\t<div class=\"elementor-element elementor-element-6740759f e-flex e-con-boxed wpr-particle-no wpr-jarallax-no wpr-parallax-no wpr-sticky-section-no wpr-equal-height-no e-con e-parent\" data-id=\"6740759f\" data-element_type=\"container\" data-e-type=\"container\">\n\t\t\t\t\t<div class=\"e-con-inner\">\n\t\t<div class=\"elementor-element elementor-element-278d8d17 e-con-full e-flex wpr-particle-no wpr-jarallax-no wpr-parallax-no wpr-sticky-section-no wpr-equal-height-no e-con e-child\" data-id=\"278d8d17\" data-element_type=\"container\" data-e-type=\"container\">\n\t\t<div class=\"elementor-element elementor-element-1c09678b e-con-full e-flex wpr-particle-no wpr-jarallax-no wpr-parallax-no wpr-sticky-section-no wpr-equal-height-no e-con e-child\" data-id=\"1c09678b\" data-element_type=\"container\" data-e-type=\"container\">\n\t\t\t\t<div class=\"elementor-element elementor-element-47f221c5 elementor-widget elementor-widget-video\" data-id=\"47f221c5\" data-element_type=\"widget\" data-e-type=\"widget\" data-settings=\"{&quot;video_type&quot;:&quot;hosted&quot;,&quot;controls&quot;:&quot;yes&quot;}\" data-widget_type=\"video.default\">\n\t\t\t\t<div class=\"elementor-widget-container\">\n\t\t\t\t\t\t\t<div class=\"e-hosted-video elementor-wrapper elementor-open-inline\">\n\t\t\t\t\t<video class=\"elementor-video\" src=\"https:\/\/unepartdereve.fr\/wp-content\/uploads\/2016\/04\/Piece-montee-chateau-disney-Une-part-de-reve.mp4\" controls=\"\" preload=\"metadata\" controlsList=\"nodownload\"><\/video>\n\t\t\t\t<\/div>\n\t\t\t\t\t\t<\/div>\n\t\t\t\t<\/div>\n\t\t\t\t<\/div>\n\t\t<div class=\"elementor-element elementor-element-2f106e2b e-con-full e-flex wpr-particle-no wpr-jarallax-no wpr-parallax-no wpr-sticky-section-no wpr-equal-height-no e-con e-child\" data-id=\"2f106e2b\" data-element_type=\"container\" data-e-type=\"container\">\n\t\t\t\t<div class=\"elementor-element elementor-element-2e8e9710 elementor-widget elementor-widget-video\" data-id=\"2e8e9710\" data-element_type=\"widget\" data-e-type=\"widget\" data-settings=\"{&quot;video_type&quot;:&quot;hosted&quot;,&quot;controls&quot;:&quot;yes&quot;}\" data-widget_type=\"video.default\">\n\t\t\t\t<div class=\"elementor-widget-container\">\n\t\t\t\t\t\t\t<div class=\"e-hosted-video elementor-wrapper elementor-open-inline\">\n\t\t\t\t\t<video class=\"elementor-video\" src=\"https:\/\/unepartdereve.fr\/wp-content\/uploads\/2016\/04\/Fleurs-en-sucre-artistique-realisees-par-Une-part-de-reve.mp4\" controls=\"\" preload=\"metadata\" controlsList=\"nodownload\"><\/video>\n\t\t\t\t<\/div>\n\t\t\t\t\t\t<\/div>\n\t\t\t\t<\/div>\n\t\t\t\t<\/div>\n\t\t\t\t<\/div>\n\t\t\t\t\t<\/div>\n\t\t\t\t<\/div>\n\t\t<div class=\"elementor-element elementor-element-65787643 e-flex e-con-boxed wpr-particle-no wpr-jarallax-no wpr-parallax-no wpr-sticky-section-no wpr-equal-height-no e-con e-parent\" data-id=\"65787643\" data-element_type=\"container\" data-e-type=\"container\">\n\t\t\t\t\t<div class=\"e-con-inner\">\n\t\t<div class=\"elementor-element elementor-element-3cadaba0 e-con-full e-flex wpr-particle-no wpr-jarallax-no wpr-parallax-no wpr-sticky-section-no wpr-equal-height-no e-con e-child\" data-id=\"3cadaba0\" data-element_type=\"container\" data-e-type=\"container\">\n\t\t<div class=\"elementor-element elementor-element-4ca99a67 e-con-full e-flex wpr-particle-no wpr-jarallax-no wpr-parallax-no wpr-sticky-section-no wpr-equal-height-no e-con e-child\" data-id=\"4ca99a67\" data-element_type=\"container\" data-e-type=\"container\">\n\t\t\t\t<div class=\"elementor-element elementor-element-2b79a918 elementor-widget elementor-widget-video\" data-id=\"2b79a918\" data-element_type=\"widget\" data-e-type=\"widget\" data-settings=\"{&quot;video_type&quot;:&quot;hosted&quot;,&quot;controls&quot;:&quot;yes&quot;}\" data-widget_type=\"video.default\">\n\t\t\t\t<div class=\"elementor-widget-container\">\n\t\t\t\t\t\t\t<div class=\"e-hosted-video elementor-wrapper elementor-open-inline\">\n\t\t\t\t\t<video class=\"elementor-video\" src=\"https:\/\/unepartdereve.fr\/wp-content\/uploads\/2016\/04\/Chocolats-p\u00e2ques-2017.mp4\" controls=\"\" preload=\"metadata\" controlsList=\"nodownload\"><\/video>\n\t\t\t\t<\/div>\n\t\t\t\t\t\t<\/div>\n\t\t\t\t<\/div>\n\t\t\t\t<\/div>\n\t\t<div class=\"elementor-element elementor-element-10b29235 e-con-full e-flex wpr-particle-no wpr-jarallax-no wpr-parallax-no wpr-sticky-section-no wpr-equal-height-no e-con e-child\" data-id=\"10b29235\" data-element_type=\"container\" data-e-type=\"container\">\n\t\t\t\t<div class=\"elementor-element elementor-element-71d6ae17 elementor-widget elementor-widget-video\" data-id=\"71d6ae17\" data-element_type=\"widget\" data-e-type=\"widget\" data-settings=\"{&quot;video_type&quot;:&quot;hosted&quot;,&quot;controls&quot;:&quot;yes&quot;}\" data-widget_type=\"video.default\">\n\t\t\t\t<div class=\"elementor-widget-container\">\n\t\t\t\t\t\t\t<div class=\"e-hosted-video elementor-wrapper elementor-open-inline\">\n\t\t\t\t\t<video class=\"elementor-video\" src=\"https:\/\/unepartdereve.fr\/wp-content\/uploads\/2016\/04\/B\u00fbches-de-Noel-2016.mp4\" controls=\"\" preload=\"metadata\" controlsList=\"nodownload\"><\/video>\n\t\t\t\t<\/div>\n\t\t\t\t\t\t<\/div>\n\t\t\t\t<\/div>\n\t\t\t\t<\/div>\n\t\t\t\t<\/div>\n\t\t\t\t\t<\/div>\n\t\t\t\t<\/div>\n\t\t<div class=\"elementor-element elementor-element-7e3e380d e-flex e-con-boxed wpr-particle-no wpr-jarallax-no wpr-parallax-no wpr-sticky-section-no wpr-equal-height-no e-con e-parent\" data-id=\"7e3e380d\" data-element_type=\"container\" data-e-type=\"container\">\n\t\t\t\t\t<div class=\"e-con-inner\">\n\t\t<div class=\"elementor-element elementor-element-5938b19b e-con-full e-flex wpr-particle-no wpr-jarallax-no wpr-parallax-no wpr-sticky-section-no wpr-equal-height-no e-con e-child\" data-id=\"5938b19b\" data-element_type=\"container\" data-e-type=\"container\">\n\t\t<div class=\"elementor-element elementor-element-e348fa0 e-con-full e-flex wpr-particle-no wpr-jarallax-no wpr-parallax-no wpr-sticky-section-no wpr-equal-height-no e-con e-child\" data-id=\"e348fa0\" data-element_type=\"container\" data-e-type=\"container\">\n\t\t\t\t<div class=\"elementor-element elementor-element-7b7a92a0 elementor-widget elementor-widget-video\" data-id=\"7b7a92a0\" data-element_type=\"widget\" data-e-type=\"widget\" data-settings=\"{&quot;youtube_url&quot;:&quot;https:\\\/\\\/www.youtube.com\\\/watch?v=ETIlwtyJuKU&quot;,&quot;video_type&quot;:&quot;youtube&quot;,&quot;controls&quot;:&quot;yes&quot;}\" data-widget_type=\"video.default\">\n\t\t\t\t<div class=\"elementor-widget-container\">\n\t\t\t\t\t\t\t<div class=\"elementor-wrapper elementor-open-inline\">\n\t\t\t<div class=\"elementor-video\"><\/div>\t\t<\/div>\n\t\t\t\t\t\t<\/div>\n\t\t\t\t<\/div>\n\t\t\t\t<\/div>\n\t\t\t\t<\/div>\n\t\t\t\t\t<\/div>\n\t\t\t\t<\/div>\n\t\t\t\t<\/div>\n\t\t","protected":false},"excerpt":{"rendered":"<p>Galerie vid\u00e9o https:\/\/unepartdereve.fr\/wp-content\/uploads\/2016\/04\/montage-noel-2019-une-part-de-reve.mp4https:\/\/unepartdereve.fr\/wp-content\/uploads\/2016\/04\/REPORTAGE-PATISSERIE-NOEL-2018.mp4https:\/\/unepartdereve.fr\/wp-content\/uploads\/2016\/04\/Piece-montee-chateau-disney-Une-part-de-reve.mp4https:\/\/unepartdereve.fr\/wp-content\/uploads\/2016\/04\/Fleurs-en-sucre-artistique-realisees-par-Une-part-de-reve.mp4https:\/\/unepartdereve.fr\/wp-content\/uploads\/2016\/04\/Chocolats-p\u00e2ques-2017.mp4https:\/\/unepartdereve.fr\/wp-content\/uploads\/2016\/04\/B\u00fbches-de-Noel-2016.mp4https:\/\/www.youtube.com\/watch?v=ETIlwtyJuKU<\/p>\n","protected":false},"author":1,"featured_media":0,"parent":1093,"menu_order":0,"comment_status":"closed","ping_status":"closed","template":"elementor_header_footer","meta":{"footnotes":""},"class_list":["post-48","page","type-page","status-publish","hentry","entry"],"yoast_head":"<!-- This site is optimized with the Yoast SEO plugin v27.4 - https:\/\/yoast.com\/product\/yoast-seo-wordpress\/ -->\n<title>Galerie vid\u00e9os - Une part de r\u00eave<\/title>\n<meta name=\"robots\" content=\"index, follow, max-snippet:-1, max-image-preview:large, max-video-preview:-1\" \/>\n<link rel=\"canonical\" href=\"https:\/\/unepartdereve.fr\/index.php\/galeries\/galerievideos\/\" \/>\n<meta property=\"og:locale\" content=\"fr_FR\" \/>\n<meta property=\"og:type\" content=\"article\" \/>\n<meta property=\"og:title\" content=\"Galerie vid\u00e9os - Une part de r\u00eave\" \/>\n<meta property=\"og:description\" content=\"Galerie vid\u00e9o https:\/\/unepartdereve.fr\/wp-content\/uploads\/2016\/04\/montage-noel-2019-une-part-de-reve.mp4https:\/\/unepartdereve.fr\/wp-content\/uploads\/2016\/04\/REPORTAGE-PATISSERIE-NOEL-2018.mp4https:\/\/unepartdereve.fr\/wp-content\/uploads\/2016\/04\/Piece-montee-chateau-disney-Une-part-de-reve.mp4https:\/\/unepartdereve.fr\/wp-content\/uploads\/2016\/04\/Fleurs-en-sucre-artistique-realisees-par-Une-part-de-reve.mp4https:\/\/unepartdereve.fr\/wp-content\/uploads\/2016\/04\/Chocolats-p\u00e2ques-2017.mp4https:\/\/unepartdereve.fr\/wp-content\/uploads\/2016\/04\/B\u00fbches-de-Noel-2016.mp4https:\/\/www.youtube.com\/watch?v=ETIlwtyJuKU\" \/>\n<meta property=\"og:url\" content=\"https:\/\/unepartdereve.fr\/index.php\/galeries\/galerievideos\/\" \/>\n<meta property=\"og:site_name\" content=\"Une part de r\u00eave\" \/>\n<meta property=\"article:modified_time\" content=\"2026-02-20T14:12:20+00:00\" \/>\n<meta name=\"twitter:card\" content=\"summary_large_image\" \/>\n<meta name=\"twitter:label1\" content=\"Dur\u00e9e de lecture estim\u00e9e\" \/>\n\t<meta name=\"twitter:data1\" content=\"1 minute\" \/>\n<script type=\"application\/ld+json\" class=\"yoast-schema-graph\">{\"@context\":\"https:\\\/\\\/schema.org\",\"@graph\":[{\"@type\":\"WebPage\",\"@id\":\"https:\\\/\\\/unepartdereve.fr\\\/index.php\\\/galeries\\\/galerievideos\\\/\",\"url\":\"https:\\\/\\\/unepartdereve.fr\\\/index.php\\\/galeries\\\/galerievideos\\\/\",\"name\":\"Galerie vid\u00e9os - Une part de r\u00eave\",\"isPartOf\":{\"@id\":\"https:\\\/\\\/unepartdereve.fr\\\/#website\"},\"datePublished\":\"2016-04-30T16:27:28+00:00\",\"dateModified\":\"2026-02-20T14:12:20+00:00\",\"breadcrumb\":{\"@id\":\"https:\\\/\\\/unepartdereve.fr\\\/index.php\\\/galeries\\\/galerievideos\\\/#breadcrumb\"},\"inLanguage\":\"fr-FR\",\"potentialAction\":[{\"@type\":\"ReadAction\",\"target\":[\"https:\\\/\\\/unepartdereve.fr\\\/index.php\\\/galeries\\\/galerievideos\\\/\"]}]},{\"@type\":\"BreadcrumbList\",\"@id\":\"https:\\\/\\\/unepartdereve.fr\\\/index.php\\\/galeries\\\/galerievideos\\\/#breadcrumb\",\"itemListElement\":[{\"@type\":\"ListItem\",\"position\":1,\"name\":\"Accueil\",\"item\":\"https:\\\/\\\/unepartdereve.fr\\\/\"},{\"@type\":\"ListItem\",\"position\":2,\"name\":\"Galeries\",\"item\":\"https:\\\/\\\/unepartdereve.fr\\\/index.php\\\/galeries\\\/\"},{\"@type\":\"ListItem\",\"position\":3,\"name\":\"Galerie vid\u00e9os\"}]},{\"@type\":\"WebSite\",\"@id\":\"https:\\\/\\\/unepartdereve.fr\\\/#website\",\"url\":\"https:\\\/\\\/unepartdereve.fr\\\/\",\"name\":\"Une part de r\u00eave\",\"description\":\"P\u00e2tisserie, Chocolaterie, Glacerie \",\"potentialAction\":[{\"@type\":\"SearchAction\",\"target\":{\"@type\":\"EntryPoint\",\"urlTemplate\":\"https:\\\/\\\/unepartdereve.fr\\\/?s={search_term_string}\"},\"query-input\":{\"@type\":\"PropertyValueSpecification\",\"valueRequired\":true,\"valueName\":\"search_term_string\"}}],\"inLanguage\":\"fr-FR\"}]}<\/script>\n<!-- \/ Yoast SEO plugin. -->","yoast_head_json":{"title":"Galerie vid\u00e9os - Une part de r\u00eave","robots":{"index":"index","follow":"follow","max-snippet":"max-snippet:-1","max-image-preview":"max-image-preview:large","max-video-preview":"max-video-preview:-1"},"canonical":"https:\/\/unepartdereve.fr\/index.php\/galeries\/galerievideos\/","og_locale":"fr_FR","og_type":"article","og_title":"Galerie vid\u00e9os - Une part de r\u00eave","og_description":"Galerie vid\u00e9o https:\/\/unepartdereve.fr\/wp-content\/uploads\/2016\/04\/montage-noel-2019-une-part-de-reve.mp4https:\/\/unepartdereve.fr\/wp-content\/uploads\/2016\/04\/REPORTAGE-PATISSERIE-NOEL-2018.mp4https:\/\/unepartdereve.fr\/wp-content\/uploads\/2016\/04\/Piece-montee-chateau-disney-Une-part-de-reve.mp4https:\/\/unepartdereve.fr\/wp-content\/uploads\/2016\/04\/Fleurs-en-sucre-artistique-realisees-par-Une-part-de-reve.mp4https:\/\/unepartdereve.fr\/wp-content\/uploads\/2016\/04\/Chocolats-p\u00e2ques-2017.mp4https:\/\/unepartdereve.fr\/wp-content\/uploads\/2016\/04\/B\u00fbches-de-Noel-2016.mp4https:\/\/www.youtube.com\/watch?v=ETIlwtyJuKU","og_url":"https:\/\/unepartdereve.fr\/index.php\/galeries\/galerievideos\/","og_site_name":"Une part de r\u00eave","article_modified_time":"2026-02-20T14:12:20+00:00","twitter_card":"summary_large_image","twitter_misc":{"Dur\u00e9e de lecture estim\u00e9e":"1 minute"},"schema":{"@context":"https:\/\/schema.org","@graph":[{"@type":"WebPage","@id":"https:\/\/unepartdereve.fr\/index.php\/galeries\/galerievideos\/","url":"https:\/\/unepartdereve.fr\/index.php\/galeries\/galerievideos\/","name":"Galerie vid\u00e9os - Une part de r\u00eave","isPartOf":{"@id":"https:\/\/unepartdereve.fr\/#website"},"datePublished":"2016-04-30T16:27:28+00:00","dateModified":"2026-02-20T14:12:20+00:00","breadcrumb":{"@id":"https:\/\/unepartdereve.fr\/index.php\/galeries\/galerievideos\/#breadcrumb"},"inLanguage":"fr-FR","potentialAction":[{"@type":"ReadAction","target":["https:\/\/unepartdereve.fr\/index.php\/galeries\/galerievideos\/"]}]},{"@type":"BreadcrumbList","@id":"https:\/\/unepartdereve.fr\/index.php\/galeries\/galerievideos\/#breadcrumb","itemListElement":[{"@type":"ListItem","position":1,"name":"Accueil","item":"https:\/\/unepartdereve.fr\/"},{"@type":"ListItem","position":2,"name":"Galeries","item":"https:\/\/unepartdereve.fr\/index.php\/galeries\/"},{"@type":"ListItem","position":3,"name":"Galerie vid\u00e9os"}]},{"@type":"WebSite","@id":"https:\/\/unepartdereve.fr\/#website","url":"https:\/\/unepartdereve.fr\/","name":"Une part de r\u00eave","description":"P\u00e2tisserie, Chocolaterie, Glacerie ","potentialAction":[{"@type":"SearchAction","target":{"@type":"EntryPoint","urlTemplate":"https:\/\/unepartdereve.fr\/?s={search_term_string}"},"query-input":{"@type":"PropertyValueSpecification","valueRequired":true,"valueName":"search_term_string"}}],"inLanguage":"fr-FR"}]}},"_links":{"self":[{"href":"https:\/\/unepartdereve.fr\/index.php\/wp-json\/wp\/v2\/pages\/48","targetHints":{"allow":["GET"]}}],"collection":[{"href":"https:\/\/unepartdereve.fr\/index.php\/wp-json\/wp\/v2\/pages"}],"about":[{"href":"https:\/\/unepartdereve.fr\/index.php\/wp-json\/wp\/v2\/types\/page"}],"author":[{"embeddable":true,"href":"https:\/\/unepartdereve.fr\/index.php\/wp-json\/wp\/v2\/users\/1"}],"replies":[{"embeddable":true,"href":"https:\/\/unepartdereve.fr\/index.php\/wp-json\/wp\/v2\/comments?post=48"}],"version-history":[{"count":25,"href":"https:\/\/unepartdereve.fr\/index.php\/wp-json\/wp\/v2\/pages\/48\/revisions"}],"predecessor-version":[{"id":6664,"href":"https:\/\/unepartdereve.fr\/index.php\/wp-json\/wp\/v2\/pages\/48\/revisions\/6664"}],"up":[{"embeddable":true,"href":"https:\/\/unepartdereve.fr\/index.php\/wp-json\/wp\/v2\/pages\/1093"}],"wp:attachment":[{"href":"https:\/\/unepartdereve.fr\/index.php\/wp-json\/wp\/v2\/media?parent=48"}],"curies":[{"name":"wp","href":"https:\/\/api.w.org\/{rel}","templated":true}]}}